{"id":5824,"date":"2020-01-30T11:05:08","date_gmt":"2020-01-30T10:05:08","guid":{"rendered":"https:\/\/vitradoc.com\/gestion-pymes-empresas\/"},"modified":"2021-05-27T10:37:28","modified_gmt":"2021-05-27T08:37:28","slug":"gestio-pimes-empreses","status":"publish","type":"page","link":"https:\/\/vitradoc.com\/ca\/gestio-pimes-empreses\/","title":{"rendered":"Gesti\u00f3 de pimes i grans empreses"},"content":{"rendered":"<div id=\"pl-5824\"  class=\"panel-layout\" ><div id=\"pg-5824-0\"  class=\"panel-grid panel-has-style\" ><div class=\"siteorigin-panels-stretch panel-row-style panel-row-style-for-5824-0\" style=\"padding: 75px 0; \" id=\"HEADER-GESTION-PYMES-EMPRESAS\" data-stretch-type=\"full\" data-overlay=\"true\" data-overlay-color=\"#000000\" ><div id=\"pgc-5824-0-0\"  class=\"panel-grid-cell\" ><div id=\"panel-5824-0-0-0\" class=\"so-panel widget widget_sow-editor panel-first-child panel-last-child\" data-index=\"0\" ><div style=\"text-align: left;\" data-title-color=\"#47425d\" data-headings-color=\"#003340\" data-title_alignment=\"center\" class=\"panel-widget-style panel-widget-style-for-5824-0-0-0\" ><div\n\t\t\t\n\t\t\tclass=\"so-widget-sow-editor so-widget-sow-editor-base\"\n\t\t\t\n\t\t>\n<div class=\"siteorigin-widget-tinymce textwidget\">\n\t<h1 style=\"text-align: center;\">GESTI\u00d3 DE PIMES I GRANS EMPRESES<\/h1>\n<hr \/>\n<p style=\"text-align: justify;\">Les pimes i les grans empreses necessiten una gran quantitat de documentaci\u00f3 per poder dur a terme la seva activitat laboral, sobretot en sectors on el treball comporta col\u00b7laboraci\u00f3 entre diferents organitzacions. Amb aquesta gran quantitat d'informaci\u00f3 s'aconsegueix una alta qualitat en el resultat final, per\u00f2 comporta molt de temps de gesti\u00f3.<\/p>\n<\/div>\n<\/div><\/div><\/div><\/div><\/div><\/div><div id=\"pg-5824-1\"  class=\"panel-grid panel-has-style\" ><div class=\"BG-COLOR-VERD-FOSC TEXT-BLANC siteorigin-panels-stretch panel-row-style panel-row-style-for-5824-1\" style=\"padding: 80px 0; \" data-stretch-type=\"full\" data-overlay=\"true\" data-overlay-color=\"#000000\" ><div id=\"pgc-5824-1-0\"  class=\"panel-grid-cell\" ><div id=\"panel-5824-1-0-0\" class=\"so-panel widget widget_sow-editor panel-first-child panel-last-child\" data-index=\"1\" ><div style=\"text-align: left;\" data-title-color=\"#47425d\" data-headings-color=\"#443f3f\" data-title_alignment=\"center\" class=\"panel-widget-style panel-widget-style-for-5824-1-0-0\" ><div\n\t\t\t\n\t\t\tclass=\"so-widget-sow-editor so-widget-sow-editor-base\"\n\t\t\t\n\t\t>\n<div class=\"siteorigin-widget-tinymce textwidget\">\n\t<h2 style=\"text-align: center; padding-bottom: 40px;\"><span class=\"COLOR-VERD-CLAR\">OBJECTIU 1<\/span>: AGILITZAR EL TREBALL A L'EMPRESA<\/h2>\n<p style=\"text-align: justify;\"><strong>VITRAdoc<\/strong> ha estat creat amb l'objectiu de satisfer la necessitat d'agilitar el <a href=\"https:\/\/ca.wikipedia.org\/wiki\/Flux_de_treball\" target=\"_blank\" rel=\"noopener\">flux de treball<\/a> dins i entre les grans empreses i pimes. La combinaci\u00f3 de l'experi\u00e8ncia en prevenci\u00f3 de riscos laborals amb la necessitat d'agilitar i aplicar la transformaci\u00f3 digital ha portat al nostre equip de professionals a fer un software de gesti\u00f3 documental al n\u00favol especialitzat en PRL. Amb aquest software s'aconsegueixen 3 objectius:<\/p>\n<ul style=\"padding-left: 60px; padding-right: 60px;\">\n<li style=\"text-align: justify; padding-bottom: 10px;\">Gesti\u00f3 documental al n\u00favol amb un cost adaptat a les necessitats<\/li>\n<li style=\"text-align: justify; padding-bottom: 10px;\">Ajuda al compliment de la Llei de Prevenci\u00f3 de Riscos Laborals<\/li>\n<li style=\"text-align: justify;\">Optimitzaci\u00f3 en la col\u00b7laboraci\u00f3 entre empreses dins d'un mateix entorn laboral (complint amb la CAE - Coordinaci\u00f3 d'Activitats Empresarials)<\/li>\n<\/ul>\n<\/div>\n<\/div><\/div><\/div><\/div><div id=\"pgc-5824-1-1\"  class=\"panel-grid-cell\" ><div id=\"panel-5824-1-1-0\" class=\"so-panel widget widget_siteorigin-panels-builder panel-first-child panel-last-child\" data-index=\"2\" ><div style=\"text-align: left;\" data-title-color=\"#47425d\" data-headings-color=\"#443f3f\" data-title_alignment=\"center\" class=\"panel-widget-style panel-widget-style-for-5824-1-1-0\" ><div id=\"pl-w5e3868fc0b55c\"  class=\"panel-layout\" ><div id=\"pg-w5e3868fc0b55c-0\"  class=\"panel-grid panel-has-style\" ><div style=\"padding: 0px 0; \" data-overlay=\"true\" data-overlay-color=\"#000000\" class=\"panel-row-style panel-row-style-for-w5e3868fc0b55c-0\" ><div id=\"pgc-w5e3868fc0b55c-0-0\"  class=\"panel-grid-cell\" ><div id=\"panel-w5e3868fc0b55c-0-0-0\" class=\"so-panel widget widget_sow-editor panel-first-child panel-last-child\" data-index=\"0\" ><div style=\"text-align: left;\" data-title-color=\"#47425d\" data-headings-color=\"#443f3f\" data-title_alignment=\"center\" class=\"panel-widget-style panel-widget-style-for-w5e3868fc0b55c-0-0-0\" ><div\n\t\t\t\n\t\t\tclass=\"so-widget-sow-editor so-widget-sow-editor-base\"\n\t\t\t\n\t\t>\n<div class=\"siteorigin-widget-tinymce textwidget\">\n\t<h2 style=\"text-align: center; padding-bottom: 40px;\"><span class=\"COLOR-VERD-CLAR\">OBJECTIU 2:<\/span> COMPLIR AMB PRL I CAE<\/h2>\n<p style=\"text-align: justify;\">Sabem que la gesti\u00f3 documental optimitza la producci\u00f3 en la nostra pime o empresa i que s'ha de complir amb la prevenci\u00f3 de riscos laborals, per\u00f2 qu\u00e8 \u00e9s exactament la PRL i la CAE?<\/p>\n<\/div>\n<\/div><\/div><\/div><\/div><\/div><\/div><div id=\"pg-w5e3868fc0b55c-1\"  class=\"panel-grid panel-has-style\" ><div style=\"padding: 0px 0; \" data-overlay=\"true\" data-overlay-color=\"#000000\" class=\"panel-row-style panel-row-style-for-w5e3868fc0b55c-1\" ><div id=\"pgc-w5e3868fc0b55c-1-0\"  class=\"panel-grid-cell\" ><div id=\"panel-w5e3868fc0b55c-1-0-0\" class=\"so-panel widget widget_sow-image panel-first-child\" data-index=\"1\" ><div class=\"ICONO-PRL-CAE panel-widget-style panel-widget-style-for-w5e3868fc0b55c-1-0-0\" style=\"text-align: left;\" data-title-color=\"#47425d\" data-headings-color=\"#443f3f\" data-title_alignment=\"center\" ><div\n\t\t\t\n\t\t\tclass=\"so-widget-sow-image so-widget-sow-image-default-c67d20f9f743\"\n\t\t\t\n\t\t>\n<div class=\"sow-image-container\">\n\t\t<img \n\tsrc=\"https:\/\/vitradoc.com\/wp-content\/uploads\/2020\/01\/PRL-pyme-empresa.png\" width=\"157\" height=\"157\" srcset=\"https:\/\/vitradoc.com\/wp-content\/uploads\/2020\/01\/PRL-pyme-empresa.png 157w, https:\/\/vitradoc.com\/wp-content\/uploads\/2020\/01\/PRL-pyme-empresa-150x150.png 150w\" sizes=\"(max-width: 157px) 100vw, 157px\" title=\"PRL en la pyme y la gran empresa\" alt=\"PRL en la pyme y la gran empresa\" \t\tclass=\"so-widget-image\"\/>\n\t<\/div>\n\n<\/div><\/div><\/div><div id=\"panel-w5e3868fc0b55c-1-0-1\" class=\"so-panel widget widget_sow-editor\" data-index=\"2\" ><div style=\"text-align: left;\" data-title-color=\"#47425d\" data-headings-color=\"#443f3f\" data-title_alignment=\"center\" class=\"panel-widget-style panel-widget-style-for-w5e3868fc0b55c-1-0-1\" ><div\n\t\t\t\n\t\t\tclass=\"so-widget-sow-editor so-widget-sow-editor-base\"\n\t\t\t\n\t\t>\n<div class=\"siteorigin-widget-tinymce textwidget\">\n\t<h3 style=\"text-align: center;\">PRL<\/h3>\n<\/div>\n<\/div><\/div><\/div><div id=\"panel-w5e3868fc0b55c-1-0-2\" class=\"so-panel widget widget_sow-button panel-last-child\" data-index=\"3\" ><div style=\"text-align: left;\" data-title-color=\"#47425d\" data-headings-color=\"#443f3f\" data-title_alignment=\"center\" class=\"panel-widget-style panel-widget-style-for-w5e3868fc0b55c-1-0-2\" ><div\n\t\t\t\n\t\t\tclass=\"so-widget-sow-button so-widget-sow-button-atom-f54c0409268f\"\n\t\t\t\n\t\t><div class=\"ow-button-base ow-button-align-center\"\n>\n\t\t\t<a\n\t\t\t\t\thref=\"https:\/\/vitradoc.com\/ca\/prevencio-de-riscos-laborals\/\"\n\t\t\t\t\tclass=\"BOTO sowb-button ow-icon-placement-left ow-button-hover\" \t>\n\t\t<span>\n\t\t\t\n\t\t\tANAR\t\t<\/span>\n\t\t\t<\/a>\n\t<\/div>\n<\/div><\/div><\/div><\/div><div id=\"pgc-w5e3868fc0b55c-1-1\"  class=\"panel-grid-cell\" ><div id=\"panel-w5e3868fc0b55c-1-1-0\" class=\"so-panel widget widget_sow-image panel-first-child\" data-index=\"4\" ><div class=\"ICONO-PRL-CAE panel-widget-style panel-widget-style-for-w5e3868fc0b55c-1-1-0\" style=\"text-align: left;\" data-title-color=\"#47425d\" data-headings-color=\"#443f3f\" data-title_alignment=\"center\" ><div\n\t\t\t\n\t\t\tclass=\"so-widget-sow-image so-widget-sow-image-default-c67d20f9f743\"\n\t\t\t\n\t\t>\n<div class=\"sow-image-container\">\n\t\t<img \n\tsrc=\"https:\/\/vitradoc.com\/wp-content\/uploads\/2020\/01\/CAE-pyme-empresa.png\" width=\"157\" height=\"157\" srcset=\"https:\/\/vitradoc.com\/wp-content\/uploads\/2020\/01\/CAE-pyme-empresa.png 157w, https:\/\/vitradoc.com\/wp-content\/uploads\/2020\/01\/CAE-pyme-empresa-150x150.png 150w\" sizes=\"(max-width: 157px) 100vw, 157px\" title=\"CAE en la pyme y la gran empresa\" alt=\"CAE en la pyme y la gran empresa\" \t\tclass=\"so-widget-image\"\/>\n\t<\/div>\n\n<\/div><\/div><\/div><div id=\"panel-w5e3868fc0b55c-1-1-1\" class=\"so-panel widget widget_sow-editor\" data-index=\"5\" ><div style=\"text-align: left;\" data-title-color=\"#47425d\" data-headings-color=\"#443f3f\" data-title_alignment=\"center\" class=\"panel-widget-style panel-widget-style-for-w5e3868fc0b55c-1-1-1\" ><div\n\t\t\t\n\t\t\tclass=\"so-widget-sow-editor so-widget-sow-editor-base\"\n\t\t\t\n\t\t>\n<div class=\"siteorigin-widget-tinymce textwidget\">\n\t<h3 style=\"text-align: center;\">CAE<\/h3>\n<\/div>\n<\/div><\/div><\/div><div id=\"panel-w5e3868fc0b55c-1-1-2\" class=\"so-panel widget widget_sow-button panel-last-child\" data-index=\"6\" ><div style=\"text-align: left;\" data-title-color=\"#47425d\" data-headings-color=\"#443f3f\" data-title_alignment=\"center\" class=\"panel-widget-style panel-widget-style-for-w5e3868fc0b55c-1-1-2\" ><div\n\t\t\t\n\t\t\tclass=\"so-widget-sow-button so-widget-sow-button-atom-f54c0409268f\"\n\t\t\t\n\t\t><div class=\"ow-button-base ow-button-align-center\"\n>\n\t\t\t<a\n\t\t\t\t\thref=\"https:\/\/vitradoc.com\/ca\/coordinacio-activitats-empresarials\/\"\n\t\t\t\t\tclass=\"BOTO sowb-button ow-icon-placement-left ow-button-hover\" \t>\n\t\t<span>\n\t\t\t\n\t\t\tANAR\t\t<\/span>\n\t\t\t<\/a>\n\t<\/div>\n<\/div><\/div><\/div><\/div><\/div><\/div><\/div><\/div><\/div><\/div><\/div><\/div><\/div>","protected":false},"excerpt":{"rendered":"<p>GESTI\u00d3 DE PIMES I GRANS EMPRESES Les pimes i les grans empreses necessiten una gran quantitat de documentaci\u00f3 per poder dur a terme la seva activitat laboral, sobretot en sectors on el treball comporta col\u00b7laboraci\u00f3 entre diferents organitzacions. Amb aquesta gran quantitat d&#8217;informaci\u00f3 s&#8217;aconsegueix una alta qualitat en el resultat final, per\u00f2 comporta molt de [&hellip;]<\/p>\n","protected":false},"author":1,"featured_media":5124,"parent":0,"menu_order":0,"comment_status":"closed","ping_status":"closed","template":"page-templates\/page_fullwidth.php","meta":{"_monsterinsights_skip_tracking":false,"_monsterinsights_sitenote_active":false,"_monsterinsights_sitenote_note":"","_monsterinsights_sitenote_category":0,"footnotes":""},"class_list":["post-5824","page","type-page","status-publish","has-post-thumbnail","hentry"],"yoast_head":"<!-- This site is optimized with the Yoast SEO plugin v27.0 - https:\/\/yoast.com\/product\/yoast-seo-wordpress\/ -->\n<title>Gesti\u00f3 de pimes i grans empreses &#8211; VITRAdoc<\/title>\n<meta name=\"description\" content=\"Agilitza el treball amb la gesti\u00f3 de documents necessaris per a l&#039;activitat laboral de pimes i grans empreses. Compleix amb la PRL i la CAE.\" \/>\n<meta name=\"robots\" content=\"index, follow, max-snippet:-1, max-image-preview:large, max-video-preview:-1\" \/>\n<link rel=\"canonical\" href=\"https:\/\/vitradoc.com\/ca\/gestio-pimes-empreses\/\" \/>\n<meta property=\"og:locale\" content=\"ca_ES\" \/>\n<meta property=\"og:type\" content=\"article\" \/>\n<meta property=\"og:title\" content=\"Gesti\u00f3 de pimes i grans empreses &#8211; VITRAdoc\" \/>\n<meta property=\"og:description\" content=\"Agilitza el treball amb la gesti\u00f3 de documents necessaris per a l&#039;activitat laboral de pimes i grans empreses. Compleix amb la PRL i la CAE.\" \/>\n<meta property=\"og:url\" content=\"https:\/\/vitradoc.com\/ca\/gestio-pimes-empreses\/\" \/>\n<meta property=\"og:site_name\" content=\"VITRAdoc\" \/>\n<meta property=\"article:publisher\" content=\"https:\/\/www.facebook.com\/vitradoc\/\" \/>\n<meta property=\"article:modified_time\" content=\"2021-05-27T08:37:28+00:00\" \/>\n<meta property=\"og:image\" content=\"https:\/\/vitradoc.com\/wp-content\/uploads\/2020\/01\/gestion-pymes-empresas.jpg\" \/>\n\t<meta property=\"og:image:width\" content=\"729\" \/>\n\t<meta property=\"og:image:height\" content=\"483\" \/>\n\t<meta property=\"og:image:type\" content=\"image\/jpeg\" \/>\n<meta name=\"twitter:card\" content=\"summary_large_image\" \/>\n<meta name=\"twitter:site\" content=\"@vitradoc\" \/>\n<meta name=\"twitter:label1\" content=\"Est. reading time\" \/>\n\t<meta name=\"twitter:data1\" content=\"1 minute\" \/>\n<script type=\"application\/ld+json\" class=\"yoast-schema-graph\">{\"@context\":\"https:\/\/schema.org\",\"@graph\":[{\"@type\":\"WebPage\",\"@id\":\"https:\/\/vitradoc.com\/ca\/gestio-pimes-empreses\/\",\"url\":\"https:\/\/vitradoc.com\/ca\/gestio-pimes-empreses\/\",\"name\":\"Gesti\u00f3 de pimes i grans empreses &#8211; VITRAdoc\",\"isPartOf\":{\"@id\":\"https:\/\/vitradoc.com\/ca\/#website\"},\"primaryImageOfPage\":{\"@id\":\"https:\/\/vitradoc.com\/ca\/gestio-pimes-empreses\/#primaryimage\"},\"image\":{\"@id\":\"https:\/\/vitradoc.com\/ca\/gestio-pimes-empreses\/#primaryimage\"},\"thumbnailUrl\":\"https:\/\/vitradoc.com\/wp-content\/uploads\/2020\/01\/gestion-pymes-empresas.jpg\",\"datePublished\":\"2020-01-30T10:05:08+00:00\",\"dateModified\":\"2021-05-27T08:37:28+00:00\",\"description\":\"Agilitza el treball amb la gesti\u00f3 de documents necessaris per a l'activitat laboral de pimes i grans empreses. Compleix amb la PRL i la CAE.\",\"breadcrumb\":{\"@id\":\"https:\/\/vitradoc.com\/ca\/gestio-pimes-empreses\/#breadcrumb\"},\"inLanguage\":\"ca-ES\",\"potentialAction\":[{\"@type\":\"ReadAction\",\"target\":[\"https:\/\/vitradoc.com\/ca\/gestio-pimes-empreses\/\"]}]},{\"@type\":\"ImageObject\",\"inLanguage\":\"ca-ES\",\"@id\":\"https:\/\/vitradoc.com\/ca\/gestio-pimes-empreses\/#primaryimage\",\"url\":\"https:\/\/vitradoc.com\/wp-content\/uploads\/2020\/01\/gestion-pymes-empresas.jpg\",\"contentUrl\":\"https:\/\/vitradoc.com\/wp-content\/uploads\/2020\/01\/gestion-pymes-empresas.jpg\",\"width\":729,\"height\":483,\"caption\":\"ajuda a la gesti\u00f3 de pimes i grans empreses\"},{\"@type\":\"BreadcrumbList\",\"@id\":\"https:\/\/vitradoc.com\/ca\/gestio-pimes-empreses\/#breadcrumb\",\"itemListElement\":[{\"@type\":\"ListItem\",\"position\":1,\"name\":\"Home\",\"item\":\"https:\/\/vitradoc.com\/ca\/\"},{\"@type\":\"ListItem\",\"position\":2,\"name\":\"Gesti\u00f3 de pimes i grans empreses\"}]},{\"@type\":\"WebSite\",\"@id\":\"https:\/\/vitradoc.com\/ca\/#website\",\"url\":\"https:\/\/vitradoc.com\/ca\/\",\"name\":\"VITRAdoc\",\"description\":\"Gestor Documental\",\"publisher\":{\"@id\":\"https:\/\/vitradoc.com\/ca\/#organization\"},\"potentialAction\":[{\"@type\":\"SearchAction\",\"target\":{\"@type\":\"EntryPoint\",\"urlTemplate\":\"https:\/\/vitradoc.com\/ca\/?s={search_term_string}\"},\"query-input\":{\"@type\":\"PropertyValueSpecification\",\"valueRequired\":true,\"valueName\":\"search_term_string\"}}],\"inLanguage\":\"ca-ES\"},{\"@type\":\"Organization\",\"@id\":\"https:\/\/vitradoc.com\/ca\/#organization\",\"name\":\"VITRADOC\",\"url\":\"https:\/\/vitradoc.com\/ca\/\",\"logo\":{\"@type\":\"ImageObject\",\"inLanguage\":\"ca-ES\",\"@id\":\"https:\/\/vitradoc.com\/ca\/#\/schema\/logo\/image\/\",\"url\":\"https:\/\/vitradoc.com\/wp-content\/uploads\/2023\/09\/vitradoc2023.png\",\"contentUrl\":\"https:\/\/vitradoc.com\/wp-content\/uploads\/2023\/09\/vitradoc2023.png\",\"width\":4016,\"height\":1772,\"caption\":\"VITRADOC\"},\"image\":{\"@id\":\"https:\/\/vitradoc.com\/ca\/#\/schema\/logo\/image\/\"},\"sameAs\":[\"https:\/\/www.facebook.com\/vitradoc\/\",\"https:\/\/x.com\/vitradoc\",\"https:\/\/www.instagram.com\/vitradoc_\/\",\"https:\/\/www.linkedin.com\/showcase\/vitradoc\/\",\"https:\/\/www.youtube.com\/channel\/UCh8P4U3xRNm7xbif9PdEXBw\"]}]}<\/script>\n<!-- \/ Yoast SEO plugin. -->","yoast_head_json":{"title":"Gesti\u00f3 de pimes i grans empreses &#8211; VITRAdoc","description":"Agilitza el treball amb la gesti\u00f3 de documents necessaris per a l'activitat laboral de pimes i grans empreses. Compleix amb la PRL i la CAE.","robots":{"index":"index","follow":"follow","max-snippet":"max-snippet:-1","max-image-preview":"max-image-preview:large","max-video-preview":"max-video-preview:-1"},"canonical":"https:\/\/vitradoc.com\/ca\/gestio-pimes-empreses\/","og_locale":"ca_ES","og_type":"article","og_title":"Gesti\u00f3 de pimes i grans empreses &#8211; VITRAdoc","og_description":"Agilitza el treball amb la gesti\u00f3 de documents necessaris per a l'activitat laboral de pimes i grans empreses. Compleix amb la PRL i la CAE.","og_url":"https:\/\/vitradoc.com\/ca\/gestio-pimes-empreses\/","og_site_name":"VITRAdoc","article_publisher":"https:\/\/www.facebook.com\/vitradoc\/","article_modified_time":"2021-05-27T08:37:28+00:00","og_image":[{"width":729,"height":483,"url":"https:\/\/vitradoc.com\/wp-content\/uploads\/2020\/01\/gestion-pymes-empresas.jpg","type":"image\/jpeg"}],"twitter_card":"summary_large_image","twitter_site":"@vitradoc","twitter_misc":{"Est. reading time":"1 minute"},"schema":{"@context":"https:\/\/schema.org","@graph":[{"@type":"WebPage","@id":"https:\/\/vitradoc.com\/ca\/gestio-pimes-empreses\/","url":"https:\/\/vitradoc.com\/ca\/gestio-pimes-empreses\/","name":"Gesti\u00f3 de pimes i grans empreses &#8211; VITRAdoc","isPartOf":{"@id":"https:\/\/vitradoc.com\/ca\/#website"},"primaryImageOfPage":{"@id":"https:\/\/vitradoc.com\/ca\/gestio-pimes-empreses\/#primaryimage"},"image":{"@id":"https:\/\/vitradoc.com\/ca\/gestio-pimes-empreses\/#primaryimage"},"thumbnailUrl":"https:\/\/vitradoc.com\/wp-content\/uploads\/2020\/01\/gestion-pymes-empresas.jpg","datePublished":"2020-01-30T10:05:08+00:00","dateModified":"2021-05-27T08:37:28+00:00","description":"Agilitza el treball amb la gesti\u00f3 de documents necessaris per a l'activitat laboral de pimes i grans empreses. Compleix amb la PRL i la CAE.","breadcrumb":{"@id":"https:\/\/vitradoc.com\/ca\/gestio-pimes-empreses\/#breadcrumb"},"inLanguage":"ca-ES","potentialAction":[{"@type":"ReadAction","target":["https:\/\/vitradoc.com\/ca\/gestio-pimes-empreses\/"]}]},{"@type":"ImageObject","inLanguage":"ca-ES","@id":"https:\/\/vitradoc.com\/ca\/gestio-pimes-empreses\/#primaryimage","url":"https:\/\/vitradoc.com\/wp-content\/uploads\/2020\/01\/gestion-pymes-empresas.jpg","contentUrl":"https:\/\/vitradoc.com\/wp-content\/uploads\/2020\/01\/gestion-pymes-empresas.jpg","width":729,"height":483,"caption":"ajuda a la gesti\u00f3 de pimes i grans empreses"},{"@type":"BreadcrumbList","@id":"https:\/\/vitradoc.com\/ca\/gestio-pimes-empreses\/#breadcrumb","itemListElement":[{"@type":"ListItem","position":1,"name":"Home","item":"https:\/\/vitradoc.com\/ca\/"},{"@type":"ListItem","position":2,"name":"Gesti\u00f3 de pimes i grans empreses"}]},{"@type":"WebSite","@id":"https:\/\/vitradoc.com\/ca\/#website","url":"https:\/\/vitradoc.com\/ca\/","name":"VITRAdoc","description":"Gestor Documental","publisher":{"@id":"https:\/\/vitradoc.com\/ca\/#organization"},"potentialAction":[{"@type":"SearchAction","target":{"@type":"EntryPoint","urlTemplate":"https:\/\/vitradoc.com\/ca\/?s={search_term_string}"},"query-input":{"@type":"PropertyValueSpecification","valueRequired":true,"valueName":"search_term_string"}}],"inLanguage":"ca-ES"},{"@type":"Organization","@id":"https:\/\/vitradoc.com\/ca\/#organization","name":"VITRADOC","url":"https:\/\/vitradoc.com\/ca\/","logo":{"@type":"ImageObject","inLanguage":"ca-ES","@id":"https:\/\/vitradoc.com\/ca\/#\/schema\/logo\/image\/","url":"https:\/\/vitradoc.com\/wp-content\/uploads\/2023\/09\/vitradoc2023.png","contentUrl":"https:\/\/vitradoc.com\/wp-content\/uploads\/2023\/09\/vitradoc2023.png","width":4016,"height":1772,"caption":"VITRADOC"},"image":{"@id":"https:\/\/vitradoc.com\/ca\/#\/schema\/logo\/image\/"},"sameAs":["https:\/\/www.facebook.com\/vitradoc\/","https:\/\/x.com\/vitradoc","https:\/\/www.instagram.com\/vitradoc_\/","https:\/\/www.linkedin.com\/showcase\/vitradoc\/","https:\/\/www.youtube.com\/channel\/UCh8P4U3xRNm7xbif9PdEXBw"]}]}},"_links":{"self":[{"href":"https:\/\/vitradoc.com\/ca\/wp-json\/wp\/v2\/pages\/5824","targetHints":{"allow":["GET"]}}],"collection":[{"href":"https:\/\/vitradoc.com\/ca\/wp-json\/wp\/v2\/pages"}],"about":[{"href":"https:\/\/vitradoc.com\/ca\/wp-json\/wp\/v2\/types\/page"}],"author":[{"embeddable":true,"href":"https:\/\/vitradoc.com\/ca\/wp-json\/wp\/v2\/users\/1"}],"replies":[{"embeddable":true,"href":"https:\/\/vitradoc.com\/ca\/wp-json\/wp\/v2\/comments?post=5824"}],"version-history":[{"count":0,"href":"https:\/\/vitradoc.com\/ca\/wp-json\/wp\/v2\/pages\/5824\/revisions"}],"wp:featuredmedia":[{"embeddable":true,"href":"https:\/\/vitradoc.com\/ca\/wp-json\/wp\/v2\/media\/5124"}],"wp:attachment":[{"href":"https:\/\/vitradoc.com\/ca\/wp-json\/wp\/v2\/media?parent=5824"}],"curies":[{"name":"wp","href":"https:\/\/api.w.org\/{rel}","templated":true}]}}