{"id":5798,"date":"2020-01-31T13:19:57","date_gmt":"2020-01-31T12:19:57","guid":{"rendered":"https:\/\/vitradoc.com\/almacenamiento-en-la-nube\/"},"modified":"2021-07-21T12:41:01","modified_gmt":"2021-07-21T10:41:01","slug":"emmagatzematge-al-nuvol","status":"publish","type":"page","link":"https:\/\/vitradoc.com\/ca\/emmagatzematge-al-nuvol\/","title":{"rendered":"Emmagatzematge al n\u00favol"},"content":{"rendered":"<div id=\"pl-5798\"  class=\"panel-layout\" ><div id=\"pg-5798-0\"  class=\"panel-grid panel-has-style\" ><div style=\"padding: 0px 0; \" data-overlay=\"true\" data-overlay-color=\"#000000\" class=\"panel-row-style panel-row-style-for-5798-0\" ><div id=\"pgc-5798-0-0\"  class=\"panel-grid-cell\" ><div id=\"panel-5798-0-0-0\" class=\"so-panel widget widget_sow-image panel-first-child panel-last-child\" data-index=\"0\" ><div class=\"ICONO-APARTAT panel-widget-style panel-widget-style-for-5798-0-0-0\" style=\"text-align: left;\" data-title-color=\"#47425d\" data-headings-color=\"#443f3f\" data-title_alignment=\"center\" ><div\n\t\t\t\n\t\t\tclass=\"so-widget-sow-image so-widget-sow-image-default-8b5b6f678277-5798\"\n\t\t\t\n\t\t>\n<div class=\"sow-image-container\">\n\t\t<img \n\tsrc=\"https:\/\/vitradoc.com\/wp-content\/uploads\/2020\/01\/almacenamiento-en-la-nube.png\" width=\"299\" height=\"299\" srcset=\"https:\/\/vitradoc.com\/wp-content\/uploads\/2020\/01\/almacenamiento-en-la-nube.png 299w, https:\/\/vitradoc.com\/wp-content\/uploads\/2020\/01\/almacenamiento-en-la-nube-150x150.png 150w, https:\/\/vitradoc.com\/wp-content\/uploads\/2020\/01\/almacenamiento-en-la-nube-230x230.png 230w\" sizes=\"(max-width: 299px) 100vw, 299px\" title=\"almacenamiento en la nube\" alt=\"almacenamiento en la nube\" \t\tclass=\"so-widget-image\"\/>\n\t<\/div>\n\n<\/div><\/div><\/div><\/div><div id=\"pgc-5798-0-1\"  class=\"panel-grid-cell\" ><div id=\"panel-5798-0-1-0\" class=\"so-panel widget widget_sow-editor panel-first-child panel-last-child\" data-index=\"1\" ><div style=\"text-align: left;\" data-title-color=\"#47425d\" data-headings-color=\"#003340\" data-title_alignment=\"center\" class=\"panel-widget-style panel-widget-style-for-5798-0-1-0\" ><div\n\t\t\t\n\t\t\tclass=\"so-widget-sow-editor so-widget-sow-editor-base\"\n\t\t\t\n\t\t>\n<div class=\"siteorigin-widget-tinymce textwidget\">\n\t<h1>EMMAGATZEMATGE AL N\u00daVOL<\/h1>\n<hr align=\"left\" \/>\n<p style=\"text-align: justify;\">VITRAdoc utilitza l'emmagatzematge al n\u00favol per oferir un servei \u00f2ptim al qu\u00e8 poder accedir des de qualsevol lloc amb nom\u00e9s tenir connexi\u00f3 a internet. Guardar arxius al n\u00favol proporciona agilitat, escala global i durabilitat, punts necessaris a les empreses actuals, al mateix temps que permet externalitzar un servei i eliminar la necessitat de comprar i administrar una infraestructura d'emmagatzematge de dades, permetent focalitzar esfor\u00e7os en el core del propi negoci de l'empresa.<\/p>\n<\/div>\n<\/div><\/div><\/div><\/div><\/div><\/div><div id=\"pg-5798-1\"  class=\"panel-grid panel-has-style\" ><div class=\"BG-COLOR-VERD-FOSC siteorigin-panels-stretch panel-row-style panel-row-style-for-5798-1\" style=\"padding: 75px 0; \" id=\"NUBE-SEGURIDAD\" data-stretch-type=\"full\" data-overlay=\"true\" data-overlay-color=\"#000000\" ><div id=\"pgc-5798-1-0\"  class=\"panel-grid-cell\" ><div id=\"panel-5798-1-0-0\" class=\"so-panel widget widget_sow-editor panel-first-child panel-last-child\" data-index=\"2\" ><div class=\"TEXT-BLANC panel-widget-style panel-widget-style-for-5798-1-0-0\" style=\"text-align: left;\" data-title-color=\"#47425d\" data-headings-color=\"#003340\" data-title_alignment=\"center\" ><div\n\t\t\t\n\t\t\tclass=\"so-widget-sow-editor so-widget-sow-editor-base\"\n\t\t\t\n\t\t>\n<div class=\"siteorigin-widget-tinymce textwidget\">\n\t<h2 style=\"text-align: center; padding-bottom: 50px;\">ARXIUS AL N\u00daVOL SEGURS<\/h2>\n<p style=\"text-align: justify;\">Emmagatzemar arxius al n\u00favol amb VITRAdoc significa tenir una \u00f2ptima seguretat. Les dades s'emmagatzemen a servidors web d'alt rendiment amb sistemes de c\u00f2pies de seguretat di\u00e0ries i redund\u00e0ncia d'alimentaci\u00f3 el\u00e8ctrica i de hardware per permetre un servei de 24 hores els 365 dies de l'any.<br \/>\nLa seguretat en la transfer\u00e8ncia de dades i el seu emmagatzematge on line est\u00e0 garantida a VITRAdoc. A trav\u00e9s de protocols de seguretat amb t\u00e8cniques modernes d'encriptaci\u00f3, com SSL i <a href=\"https:\/\/ca.wikipedia.org\/wiki\/Advanced_Encryption_Standard\" target=\"_blank\" rel=\"noopener\">AES-256<\/a> (Advanced Encryption Standard), es garanteix un emmagatzematge on line de la informaci\u00f3 sense intrusions.<\/p>\n<\/div>\n<\/div><\/div><\/div><\/div><\/div><\/div><div id=\"pg-5798-2\"  class=\"panel-grid panel-has-style\" ><div style=\"padding: 0px 0; \" data-overlay=\"true\" data-overlay-color=\"#000000\" class=\"panel-row-style panel-row-style-for-5798-2\" ><div id=\"pgc-5798-2-0\"  class=\"panel-grid-cell\" ><div id=\"panel-5798-2-0-0\" class=\"so-panel widget widget_sow-editor panel-first-child panel-last-child\" data-index=\"3\" ><div style=\"text-align: left;\" data-title-color=\"#47425d\" data-headings-color=\"#003340\" data-title_alignment=\"center\" class=\"panel-widget-style panel-widget-style-for-5798-2-0-0\" ><div\n\t\t\t\n\t\t\tclass=\"so-widget-sow-editor so-widget-sow-editor-base\"\n\t\t\t\n\t\t>\n<div class=\"siteorigin-widget-tinymce textwidget\">\n\t<h2 style=\"text-align: center; padding-bottom: 40px;\">BENEFICIS DE L'EMMAGATZEMATGE AL N\u00daVOL<\/h2>\n<p style=\"text-align: center;\">Hi ha tres principals beneficis que l'emmagatzematge de documents al n\u00favol aporta a les empreses:<\/p>\n<\/div>\n<\/div><\/div><\/div><\/div><\/div><\/div><div id=\"pg-5798-3\"  class=\"panel-grid panel-has-style\" ><div style=\"padding: 0px 0; \" data-overlay=\"true\" data-overlay-color=\"#000000\" class=\"panel-row-style panel-row-style-for-5798-3\" ><div id=\"pgc-5798-3-0\"  class=\"panel-grid-cell\" ><div id=\"panel-5798-3-0-0\" class=\"so-panel widget widget_sow-image panel-first-child\" data-index=\"4\" ><div class=\"ICONO-VENTAJAS panel-widget-style panel-widget-style-for-5798-3-0-0\" style=\"text-align: left;\" data-title-color=\"#47425d\" data-headings-color=\"#443f3f\" data-title_alignment=\"center\" ><div\n\t\t\t\n\t\t\tclass=\"so-widget-sow-image so-widget-sow-image-default-c67d20f9f743-5798\"\n\t\t\t\n\t\t>\n<div class=\"sow-image-container\">\n\t\t<img \n\tsrc=\"https:\/\/vitradoc.com\/wp-content\/uploads\/2020\/01\/guardar-archivos-nube-costes.png\" width=\"101\" height=\"101\" sizes=\"(max-width: 101px) 100vw, 101px\" title=\"guardar archivos en la nube optimiza los costes\" alt=\"guardar archivos en la nube optimiza los costes\" \t\tclass=\"so-widget-image\"\/>\n\t<\/div>\n\n<\/div><\/div><\/div><div id=\"panel-5798-3-0-1\" class=\"so-panel widget widget_sow-editor panel-last-child\" data-index=\"5\" ><div style=\"text-align: left;\" data-title-color=\"#47425d\" data-headings-color=\"#003340\" data-title_alignment=\"center\" class=\"panel-widget-style panel-widget-style-for-5798-3-0-1\" ><div\n\t\t\t\n\t\t\tclass=\"so-widget-sow-editor so-widget-sow-editor-base\"\n\t\t\t\n\t\t>\n<div class=\"siteorigin-widget-tinymce textwidget\">\n\t<h3 style=\"text-align: center;\">OPTIMITZACI\u00d3 DE COSTOS<\/h3>\n<p style=\"text-align: justify;\">L'externalitzaci\u00f3 de la infraestructura necess\u00e0ria per a l'emmagatzematge de dades implica una reducci\u00f3 de costos de compra i gesti\u00f3 de maquinari, al mateix temps que es pot contractar nom\u00e9s el servei d'acord a les necessitats de l'empresa i el nombre de treballadors, obtenint una economia d'escala.<\/p>\n<\/div>\n<\/div><\/div><\/div><\/div><div id=\"pgc-5798-3-1\"  class=\"panel-grid-cell\" ><div id=\"panel-5798-3-1-0\" class=\"so-panel widget widget_sow-image panel-first-child\" data-index=\"6\" ><div class=\"ICONO-VENTAJAS panel-widget-style panel-widget-style-for-5798-3-1-0\" style=\"text-align: left;\" data-title-color=\"#47425d\" data-headings-color=\"#443f3f\" data-title_alignment=\"center\" ><div\n\t\t\t\n\t\t\tclass=\"so-widget-sow-image so-widget-sow-image-default-c67d20f9f743-5798\"\n\t\t\t\n\t\t>\n<div class=\"sow-image-container\">\n\t\t<img \n\tsrc=\"https:\/\/vitradoc.com\/wp-content\/uploads\/2020\/01\/cloud-guardar-archivos-beneficios.png\" width=\"101\" height=\"101\" sizes=\"(max-width: 101px) 100vw, 101px\" title=\"beneficios de guardar archivos en el cloud\" alt=\"beneficios de guardar archivos en el cloud\" \t\tclass=\"so-widget-image\"\/>\n\t<\/div>\n\n<\/div><\/div><\/div><div id=\"panel-5798-3-1-1\" class=\"so-panel widget widget_sow-editor panel-last-child\" data-index=\"7\" ><div style=\"text-align: left;\" data-title-color=\"#47425d\" data-headings-color=\"#003340\" data-title_alignment=\"center\" class=\"panel-widget-style panel-widget-style-for-5798-3-1-1\" ><div\n\t\t\t\n\t\t\tclass=\"so-widget-sow-editor so-widget-sow-editor-base\"\n\t\t\t\n\t\t>\n<div class=\"siteorigin-widget-tinymce textwidget\">\n\t<h3 style=\"text-align: center;\">TEMPS D'IMPLEMENTACI\u00d3<\/h3>\n<p style=\"text-align: justify;\">No requereix temps d'instal\u00b7laci\u00f3, amb l'emmagatzematge al n\u00favol de VITRAdoc el servei \u00e9s a l'instant. La seva interf\u00edcie intu\u00eftiva proporciona a l'usuari una r\u00e0pida adaptaci\u00f3. De la mateixa manera, la demanda d'augment de capacitat o d'usuaris \u00e9s efectiva nom\u00e9s amb sol\u00b7licitar-la.<\/p>\n<\/div>\n<\/div><\/div><\/div><\/div><div id=\"pgc-5798-3-2\"  class=\"panel-grid-cell\" ><div id=\"panel-5798-3-2-0\" class=\"so-panel widget widget_sow-image panel-first-child\" data-index=\"8\" ><div class=\"ICONO-VENTAJAS panel-widget-style panel-widget-style-for-5798-3-2-0\" style=\"text-align: left;\" data-title-color=\"#47425d\" data-headings-color=\"#443f3f\" data-title_alignment=\"center\" ><div\n\t\t\t\n\t\t\tclass=\"so-widget-sow-image so-widget-sow-image-default-c67d20f9f743-5798\"\n\t\t\t\n\t\t>\n<div class=\"sow-image-container\">\n\t\t<img \n\tsrc=\"https:\/\/vitradoc.com\/wp-content\/uploads\/2020\/01\/almacenamiento-online-beneficios.png\" width=\"101\" height=\"101\" sizes=\"(max-width: 101px) 100vw, 101px\" title=\"almacenamiento online, beneficios\" alt=\"almacenamiento online, beneficios\" \t\tclass=\"so-widget-image\"\/>\n\t<\/div>\n\n<\/div><\/div><\/div><div id=\"panel-5798-3-2-1\" class=\"so-panel widget widget_sow-editor panel-last-child\" data-index=\"9\" ><div style=\"text-align: left;\" data-title-color=\"#47425d\" data-headings-color=\"#003340\" data-title_alignment=\"center\" class=\"panel-widget-style panel-widget-style-for-5798-3-2-1\" ><div\n\t\t\t\n\t\t\tclass=\"so-widget-sow-editor so-widget-sow-editor-base\"\n\t\t\t\n\t\t>\n<div class=\"siteorigin-widget-tinymce textwidget\">\n\t<h3 style=\"text-align: center;\">DISPONIBILITAT<\/h3>\n<p style=\"text-align: justify;\">Les dades al n\u00favol s\u00f3n accessibles des de qualsevol dispositiu amb connexi\u00f3 a internet a trav\u00e9s d'un navegador web com pot ser Google Chrome, Safari o Firefox. No cal estar a la feina.<\/p>\n<\/div>\n<\/div><\/div><\/div><\/div><\/div><\/div><\/div>","protected":false},"excerpt":{"rendered":"<p>EMMAGATZEMATGE AL N\u00daVOL VITRAdoc utilitza l&#8217;emmagatzematge al n\u00favol per oferir un servei \u00f2ptim al qu\u00e8 poder accedir des de qualsevol lloc amb nom\u00e9s tenir connexi\u00f3 a internet. Guardar arxius al n\u00favol proporciona agilitat, escala global i durabilitat, punts necessaris a les empreses actuals, al mateix temps que permet externalitzar un servei i eliminar la necessitat [&hellip;]<\/p>\n","protected":false},"author":1,"featured_media":5433,"parent":0,"menu_order":0,"comment_status":"closed","ping_status":"closed","template":"page-templates\/page_fullwidth.php","meta":{"_monsterinsights_skip_tracking":false,"_monsterinsights_sitenote_active":false,"_monsterinsights_sitenote_note":"","_monsterinsights_sitenote_category":0,"footnotes":""},"class_list":["post-5798","page","type-page","status-publish","has-post-thumbnail","hentry"],"yoast_head":"<!-- This site is optimized with the Yoast SEO plugin v27.0 - https:\/\/yoast.com\/product\/yoast-seo-wordpress\/ -->\n<title>Emmagatzematge al n\u00favol &#8211; VITRAdoc<\/title>\n<meta name=\"description\" content=\"Amb l&#039;emmagatzematge al n\u00favol els arxius sempre estan disponibles a qualsevol lloc. Gestor documental amb emmagatzematge online segur.\" \/>\n<meta name=\"robots\" content=\"index, follow, max-snippet:-1, max-image-preview:large, max-video-preview:-1\" \/>\n<link rel=\"canonical\" href=\"https:\/\/vitradoc.com\/ca\/emmagatzematge-al-nuvol\/\" \/>\n<meta property=\"og:locale\" content=\"ca_ES\" \/>\n<meta property=\"og:type\" content=\"article\" \/>\n<meta property=\"og:title\" content=\"Emmagatzematge al n\u00favol &#8211; VITRAdoc\" \/>\n<meta property=\"og:description\" content=\"Amb l&#039;emmagatzematge al n\u00favol els arxius sempre estan disponibles a qualsevol lloc. Gestor documental amb emmagatzematge online segur.\" \/>\n<meta property=\"og:url\" content=\"https:\/\/vitradoc.com\/ca\/emmagatzematge-al-nuvol\/\" \/>\n<meta property=\"og:site_name\" content=\"VITRAdoc\" \/>\n<meta property=\"article:publisher\" content=\"https:\/\/www.facebook.com\/vitradoc\/\" \/>\n<meta property=\"article:modified_time\" content=\"2021-07-21T10:41:01+00:00\" \/>\n<meta property=\"og:image\" content=\"https:\/\/vitradoc.com\/wp-content\/uploads\/2020\/01\/almacenamiento-en-la-nube.png\" \/>\n\t<meta property=\"og:image:width\" content=\"299\" \/>\n\t<meta property=\"og:image:height\" content=\"299\" \/>\n\t<meta property=\"og:image:type\" content=\"image\/png\" \/>\n<meta name=\"twitter:card\" content=\"summary_large_image\" \/>\n<meta name=\"twitter:site\" content=\"@vitradoc\" \/>\n<meta name=\"twitter:label1\" content=\"Est. reading time\" \/>\n\t<meta name=\"twitter:data1\" content=\"2 minutes\" \/>\n<script type=\"application\/ld+json\" class=\"yoast-schema-graph\">{\"@context\":\"https:\/\/schema.org\",\"@graph\":[{\"@type\":\"WebPage\",\"@id\":\"https:\/\/vitradoc.com\/ca\/emmagatzematge-al-nuvol\/\",\"url\":\"https:\/\/vitradoc.com\/ca\/emmagatzematge-al-nuvol\/\",\"name\":\"Emmagatzematge al n\u00favol &#8211; VITRAdoc\",\"isPartOf\":{\"@id\":\"https:\/\/vitradoc.com\/ca\/#website\"},\"primaryImageOfPage\":{\"@id\":\"https:\/\/vitradoc.com\/ca\/emmagatzematge-al-nuvol\/#primaryimage\"},\"image\":{\"@id\":\"https:\/\/vitradoc.com\/ca\/emmagatzematge-al-nuvol\/#primaryimage\"},\"thumbnailUrl\":\"https:\/\/vitradoc.com\/wp-content\/uploads\/2020\/01\/almacenamiento-en-la-nube.png\",\"datePublished\":\"2020-01-31T12:19:57+00:00\",\"dateModified\":\"2021-07-21T10:41:01+00:00\",\"description\":\"Amb l'emmagatzematge al n\u00favol els arxius sempre estan disponibles a qualsevol lloc. Gestor documental amb emmagatzematge online segur.\",\"breadcrumb\":{\"@id\":\"https:\/\/vitradoc.com\/ca\/emmagatzematge-al-nuvol\/#breadcrumb\"},\"inLanguage\":\"ca-ES\",\"potentialAction\":[{\"@type\":\"ReadAction\",\"target\":[\"https:\/\/vitradoc.com\/ca\/emmagatzematge-al-nuvol\/\"]}]},{\"@type\":\"ImageObject\",\"inLanguage\":\"ca-ES\",\"@id\":\"https:\/\/vitradoc.com\/ca\/emmagatzematge-al-nuvol\/#primaryimage\",\"url\":\"https:\/\/vitradoc.com\/wp-content\/uploads\/2020\/01\/almacenamiento-en-la-nube.png\",\"contentUrl\":\"https:\/\/vitradoc.com\/wp-content\/uploads\/2020\/01\/almacenamiento-en-la-nube.png\",\"width\":299,\"height\":299,\"caption\":\"emmagatzematge al n\u00favol\"},{\"@type\":\"BreadcrumbList\",\"@id\":\"https:\/\/vitradoc.com\/ca\/emmagatzematge-al-nuvol\/#breadcrumb\",\"itemListElement\":[{\"@type\":\"ListItem\",\"position\":1,\"name\":\"Home\",\"item\":\"https:\/\/vitradoc.com\/ca\/\"},{\"@type\":\"ListItem\",\"position\":2,\"name\":\"Emmagatzematge al n\u00favol\"}]},{\"@type\":\"WebSite\",\"@id\":\"https:\/\/vitradoc.com\/ca\/#website\",\"url\":\"https:\/\/vitradoc.com\/ca\/\",\"name\":\"VITRAdoc\",\"description\":\"Gestor Documental\",\"publisher\":{\"@id\":\"https:\/\/vitradoc.com\/ca\/#organization\"},\"potentialAction\":[{\"@type\":\"SearchAction\",\"target\":{\"@type\":\"EntryPoint\",\"urlTemplate\":\"https:\/\/vitradoc.com\/ca\/?s={search_term_string}\"},\"query-input\":{\"@type\":\"PropertyValueSpecification\",\"valueRequired\":true,\"valueName\":\"search_term_string\"}}],\"inLanguage\":\"ca-ES\"},{\"@type\":\"Organization\",\"@id\":\"https:\/\/vitradoc.com\/ca\/#organization\",\"name\":\"VITRADOC\",\"url\":\"https:\/\/vitradoc.com\/ca\/\",\"logo\":{\"@type\":\"ImageObject\",\"inLanguage\":\"ca-ES\",\"@id\":\"https:\/\/vitradoc.com\/ca\/#\/schema\/logo\/image\/\",\"url\":\"https:\/\/vitradoc.com\/wp-content\/uploads\/2023\/09\/vitradoc2023.png\",\"contentUrl\":\"https:\/\/vitradoc.com\/wp-content\/uploads\/2023\/09\/vitradoc2023.png\",\"width\":4016,\"height\":1772,\"caption\":\"VITRADOC\"},\"image\":{\"@id\":\"https:\/\/vitradoc.com\/ca\/#\/schema\/logo\/image\/\"},\"sameAs\":[\"https:\/\/www.facebook.com\/vitradoc\/\",\"https:\/\/x.com\/vitradoc\",\"https:\/\/www.instagram.com\/vitradoc_\/\",\"https:\/\/www.linkedin.com\/showcase\/vitradoc\/\",\"https:\/\/www.youtube.com\/channel\/UCh8P4U3xRNm7xbif9PdEXBw\"]}]}<\/script>\n<!-- \/ Yoast SEO plugin. -->","yoast_head_json":{"title":"Emmagatzematge al n\u00favol &#8211; VITRAdoc","description":"Amb l'emmagatzematge al n\u00favol els arxius sempre estan disponibles a qualsevol lloc. Gestor documental amb emmagatzematge online segur.","robots":{"index":"index","follow":"follow","max-snippet":"max-snippet:-1","max-image-preview":"max-image-preview:large","max-video-preview":"max-video-preview:-1"},"canonical":"https:\/\/vitradoc.com\/ca\/emmagatzematge-al-nuvol\/","og_locale":"ca_ES","og_type":"article","og_title":"Emmagatzematge al n\u00favol &#8211; VITRAdoc","og_description":"Amb l'emmagatzematge al n\u00favol els arxius sempre estan disponibles a qualsevol lloc. Gestor documental amb emmagatzematge online segur.","og_url":"https:\/\/vitradoc.com\/ca\/emmagatzematge-al-nuvol\/","og_site_name":"VITRAdoc","article_publisher":"https:\/\/www.facebook.com\/vitradoc\/","article_modified_time":"2021-07-21T10:41:01+00:00","og_image":[{"width":299,"height":299,"url":"https:\/\/vitradoc.com\/wp-content\/uploads\/2020\/01\/almacenamiento-en-la-nube.png","type":"image\/png"}],"twitter_card":"summary_large_image","twitter_site":"@vitradoc","twitter_misc":{"Est. reading time":"2 minutes"},"schema":{"@context":"https:\/\/schema.org","@graph":[{"@type":"WebPage","@id":"https:\/\/vitradoc.com\/ca\/emmagatzematge-al-nuvol\/","url":"https:\/\/vitradoc.com\/ca\/emmagatzematge-al-nuvol\/","name":"Emmagatzematge al n\u00favol &#8211; VITRAdoc","isPartOf":{"@id":"https:\/\/vitradoc.com\/ca\/#website"},"primaryImageOfPage":{"@id":"https:\/\/vitradoc.com\/ca\/emmagatzematge-al-nuvol\/#primaryimage"},"image":{"@id":"https:\/\/vitradoc.com\/ca\/emmagatzematge-al-nuvol\/#primaryimage"},"thumbnailUrl":"https:\/\/vitradoc.com\/wp-content\/uploads\/2020\/01\/almacenamiento-en-la-nube.png","datePublished":"2020-01-31T12:19:57+00:00","dateModified":"2021-07-21T10:41:01+00:00","description":"Amb l'emmagatzematge al n\u00favol els arxius sempre estan disponibles a qualsevol lloc. Gestor documental amb emmagatzematge online segur.","breadcrumb":{"@id":"https:\/\/vitradoc.com\/ca\/emmagatzematge-al-nuvol\/#breadcrumb"},"inLanguage":"ca-ES","potentialAction":[{"@type":"ReadAction","target":["https:\/\/vitradoc.com\/ca\/emmagatzematge-al-nuvol\/"]}]},{"@type":"ImageObject","inLanguage":"ca-ES","@id":"https:\/\/vitradoc.com\/ca\/emmagatzematge-al-nuvol\/#primaryimage","url":"https:\/\/vitradoc.com\/wp-content\/uploads\/2020\/01\/almacenamiento-en-la-nube.png","contentUrl":"https:\/\/vitradoc.com\/wp-content\/uploads\/2020\/01\/almacenamiento-en-la-nube.png","width":299,"height":299,"caption":"emmagatzematge al n\u00favol"},{"@type":"BreadcrumbList","@id":"https:\/\/vitradoc.com\/ca\/emmagatzematge-al-nuvol\/#breadcrumb","itemListElement":[{"@type":"ListItem","position":1,"name":"Home","item":"https:\/\/vitradoc.com\/ca\/"},{"@type":"ListItem","position":2,"name":"Emmagatzematge al n\u00favol"}]},{"@type":"WebSite","@id":"https:\/\/vitradoc.com\/ca\/#website","url":"https:\/\/vitradoc.com\/ca\/","name":"VITRAdoc","description":"Gestor Documental","publisher":{"@id":"https:\/\/vitradoc.com\/ca\/#organization"},"potentialAction":[{"@type":"SearchAction","target":{"@type":"EntryPoint","urlTemplate":"https:\/\/vitradoc.com\/ca\/?s={search_term_string}"},"query-input":{"@type":"PropertyValueSpecification","valueRequired":true,"valueName":"search_term_string"}}],"inLanguage":"ca-ES"},{"@type":"Organization","@id":"https:\/\/vitradoc.com\/ca\/#organization","name":"VITRADOC","url":"https:\/\/vitradoc.com\/ca\/","logo":{"@type":"ImageObject","inLanguage":"ca-ES","@id":"https:\/\/vitradoc.com\/ca\/#\/schema\/logo\/image\/","url":"https:\/\/vitradoc.com\/wp-content\/uploads\/2023\/09\/vitradoc2023.png","contentUrl":"https:\/\/vitradoc.com\/wp-content\/uploads\/2023\/09\/vitradoc2023.png","width":4016,"height":1772,"caption":"VITRADOC"},"image":{"@id":"https:\/\/vitradoc.com\/ca\/#\/schema\/logo\/image\/"},"sameAs":["https:\/\/www.facebook.com\/vitradoc\/","https:\/\/x.com\/vitradoc","https:\/\/www.instagram.com\/vitradoc_\/","https:\/\/www.linkedin.com\/showcase\/vitradoc\/","https:\/\/www.youtube.com\/channel\/UCh8P4U3xRNm7xbif9PdEXBw"]}]}},"_links":{"self":[{"href":"https:\/\/vitradoc.com\/ca\/wp-json\/wp\/v2\/pages\/5798","targetHints":{"allow":["GET"]}}],"collection":[{"href":"https:\/\/vitradoc.com\/ca\/wp-json\/wp\/v2\/pages"}],"about":[{"href":"https:\/\/vitradoc.com\/ca\/wp-json\/wp\/v2\/types\/page"}],"author":[{"embeddable":true,"href":"https:\/\/vitradoc.com\/ca\/wp-json\/wp\/v2\/users\/1"}],"replies":[{"embeddable":true,"href":"https:\/\/vitradoc.com\/ca\/wp-json\/wp\/v2\/comments?post=5798"}],"version-history":[{"count":3,"href":"https:\/\/vitradoc.com\/ca\/wp-json\/wp\/v2\/pages\/5798\/revisions"}],"predecessor-version":[{"id":6689,"href":"https:\/\/vitradoc.com\/ca\/wp-json\/wp\/v2\/pages\/5798\/revisions\/6689"}],"wp:featuredmedia":[{"embeddable":true,"href":"https:\/\/vitradoc.com\/ca\/wp-json\/wp\/v2\/media\/5433"}],"wp:attachment":[{"href":"https:\/\/vitradoc.com\/ca\/wp-json\/wp\/v2\/media?parent=5798"}],"curies":[{"name":"wp","href":"https:\/\/api.w.org\/{rel}","templated":true}]}}