{"id":2878,"date":"2018-01-24T11:45:16","date_gmt":"2018-01-24T10:45:16","guid":{"rendered":"http:\/\/localhost\/vitradoc\/politica-de-cookies\/"},"modified":"2020-02-27T11:09:44","modified_gmt":"2020-02-27T10:09:44","slug":"politica-de-cookies","status":"publish","type":"page","link":"https:\/\/vitradoc.com\/ca\/politica-de-cookies\/","title":{"rendered":"Pol\u00edtica de cookies"},"content":{"rendered":"<div id=\"pl-2878\"  class=\"panel-layout\" ><div id=\"pg-2878-0\"  class=\"panel-grid panel-has-style\" ><div style=\"padding: 50px 0; \" data-overlay=\"true\" data-overlay-color=\"#000000\" class=\"panel-row-style panel-row-style-for-2878-0\" ><div id=\"pgc-2878-0-0\"  class=\"panel-grid-cell\" ><div id=\"panel-2878-0-0-0\" class=\"so-panel widget widget_sow-editor panel-first-child panel-last-child\" data-index=\"0\" ><div style=\"text-align: left;\" data-title-color=\"#47425d\" data-headings-color=\"#443f3f\" data-title_alignment=\"center\" class=\"panel-widget-style panel-widget-style-for-2878-0-0-0\" ><div\n\t\t\t\n\t\t\tclass=\"so-widget-sow-editor so-widget-sow-editor-base\"\n\t\t\t\n\t\t>\n<div class=\"siteorigin-widget-tinymce textwidget\">\n\t<h1 style=\"text-align: center;\">POL\u00cdTICA DE COOKIES<\/h1>\n<hr \/>\n<p style=\"text-align: justify;\">El web vitradoc.com utilitza cookies, petits fitxers de dades que es generen en l\u2019ordinador de l\u2019usuari i que ens permeten con\u00e8ixer la seva freq\u00fc\u00e8ncia de visites, els continguts m\u00e9s seleccionats i els elements de seguretat que poden intervenir en el control d\u2019acc\u00e9s a \u00e0rees restringides, aix\u00ed com la visualitzaci\u00f3 de publicitat en funci\u00f3 de criteris predefinits per Vitra i que s\u2019activen per cookies servides per aquesta entitat o per tercers que presten aquests serveis per compte de Vitra. Concretament Vitra utilitza cookies:<\/p>\n<h2 class=\"H2-FAQ\">Pr\u00f2pies:<\/h2>\n<p style=\"text-align: justify;\">sessionid: Django. Aquesta cookie \u00e9s usada pel framework Django per permetre que les variables de sessi\u00f3 siguin guardades en el servidor web. Aquesta cookie \u00e9s essencial per al funcionament de la web.<\/p>\n<p style=\"text-align: justify;\">csrftoken: Seguretat de Django.<\/p>\n<h2 class=\"H2-FAQ\">Tercers:<\/h2>\n<p style=\"text-align: justify;\">GA: Google Analytics. S\u2019utilitza per emmagatzemar un identificador de client \u00fanic (ANEU de client), que \u00e9s un nombre generat aleat\u00f2riament. Una vegada generat l\u2019ANEU, s\u2019emmagatzema en la cookie i s\u2019inclou en cada visita o sol\u00b7licitud que s\u2019envia a Google Analytics. Despr\u00e9s, els servidors de Google Analytics ho utilitzen per calcular les dades d\u2019usuaris, sessions i campanyes.<\/p>\n<p style=\"text-align: justify;\">utma: Google Analytics. Usada per distingir usuaris i sessions. Informaci\u00f3 sobre el nombre de visites realitzades per l\u2019usuari. Identifica tamb\u00e9 quan va ser la primera i l\u2019\u00faltima vegada que va visitar la p\u00e0gina.<\/p>\n<p style=\"text-align: justify;\">utmb: Google Analytics. Usada per determinar noves sessions\/visites. Identifica l\u2019hora d\u2019acc\u00e9s a la p\u00e0gina.<\/p>\n<p style=\"text-align: justify;\">utmz: Google Analytics. Usada per registrar l\u2019origen de l\u2019usuari i les keywords o paraules clau utilitzades per l\u2019usuari per accedir o trobar l\u2019adre\u00e7a de la p\u00e0gina. Aquesta cookie s\u2019utilitza per calcular el tr\u00e0fic que prov\u00e9 de motors de cerca o campanyes i la navegaci\u00f3 dins de la mateixa web (enlla\u00e7os interns).<\/p>\n<\/div>\n<\/div><\/div><\/div><\/div><\/div><\/div><\/div>","protected":false},"excerpt":{"rendered":"<p>POL\u00cdTICA DE COOKIES El web vitradoc.com utilitza cookies, petits fitxers de dades que es generen en l\u2019ordinador de l\u2019usuari i que ens permeten con\u00e8ixer la seva freq\u00fc\u00e8ncia de visites, els continguts m\u00e9s seleccionats i els elements de seguretat que poden intervenir en el control d\u2019acc\u00e9s a \u00e0rees restringides, aix\u00ed com la visualitzaci\u00f3 de publicitat en [&hellip;]<\/p>\n","protected":false},"author":1,"featured_media":0,"parent":0,"menu_order":0,"comment_status":"closed","ping_status":"closed","template":"page-templates\/page_fullwidth.php","meta":{"_monsterinsights_skip_tracking":false,"_monsterinsights_sitenote_active":false,"_monsterinsights_sitenote_note":"","_monsterinsights_sitenote_category":0,"footnotes":""},"class_list":["post-2878","page","type-page","status-publish","hentry"],"yoast_head":"<!-- This site is optimized with the Yoast SEO plugin v27.0 - https:\/\/yoast.com\/product\/yoast-seo-wordpress\/ -->\n<title>Pol\u00edtica de cookies &#8211; VITRAdoc<\/title>\n<meta name=\"description\" content=\"Pol\u00edtica de cookies de VITRAdoc\" \/>\n<meta name=\"robots\" content=\"noindex, follow\" \/>\n<meta property=\"og:locale\" content=\"ca_ES\" \/>\n<meta property=\"og:type\" content=\"article\" \/>\n<meta property=\"og:title\" content=\"Pol\u00edtica de cookies &#8211; VITRAdoc\" \/>\n<meta property=\"og:description\" content=\"Pol\u00edtica de cookies de VITRAdoc\" \/>\n<meta property=\"og:url\" content=\"https:\/\/vitradoc.com\/ca\/politica-de-cookies\/\" \/>\n<meta property=\"og:site_name\" content=\"VITRAdoc\" \/>\n<meta property=\"article:publisher\" content=\"https:\/\/www.facebook.com\/vitradoc\/\" \/>\n<meta property=\"article:modified_time\" content=\"2020-02-27T10:09:44+00:00\" \/>\n<meta property=\"og:image\" content=\"https:\/\/vitradoc.com\/wp-content\/uploads\/2023\/09\/vitradoc2023.png\" \/>\n\t<meta property=\"og:image:width\" content=\"4016\" \/>\n\t<meta property=\"og:image:height\" content=\"1772\" \/>\n\t<meta property=\"og:image:type\" content=\"image\/png\" \/>\n<meta name=\"twitter:card\" content=\"summary_large_image\" \/>\n<meta name=\"twitter:site\" content=\"@vitradoc\" \/>\n<meta name=\"twitter:label1\" content=\"Est. reading time\" \/>\n\t<meta name=\"twitter:data1\" content=\"2 minutes\" \/>\n<script type=\"application\/ld+json\" class=\"yoast-schema-graph\">{\"@context\":\"https:\/\/schema.org\",\"@graph\":[{\"@type\":\"WebPage\",\"@id\":\"https:\/\/vitradoc.com\/ca\/politica-de-cookies\/\",\"url\":\"https:\/\/vitradoc.com\/ca\/politica-de-cookies\/\",\"name\":\"Pol\u00edtica de cookies &#8211; VITRAdoc\",\"isPartOf\":{\"@id\":\"https:\/\/vitradoc.com\/ca\/#website\"},\"datePublished\":\"2018-01-24T10:45:16+00:00\",\"dateModified\":\"2020-02-27T10:09:44+00:00\",\"description\":\"Pol\u00edtica de cookies de VITRAdoc\",\"breadcrumb\":{\"@id\":\"https:\/\/vitradoc.com\/ca\/politica-de-cookies\/#breadcrumb\"},\"inLanguage\":\"ca-ES\",\"potentialAction\":[{\"@type\":\"ReadAction\",\"target\":[\"https:\/\/vitradoc.com\/ca\/politica-de-cookies\/\"]}]},{\"@type\":\"BreadcrumbList\",\"@id\":\"https:\/\/vitradoc.com\/ca\/politica-de-cookies\/#breadcrumb\",\"itemListElement\":[{\"@type\":\"ListItem\",\"position\":1,\"name\":\"Home\",\"item\":\"https:\/\/vitradoc.com\/ca\/\"},{\"@type\":\"ListItem\",\"position\":2,\"name\":\"Pol\u00edtica de cookies\"}]},{\"@type\":\"WebSite\",\"@id\":\"https:\/\/vitradoc.com\/ca\/#website\",\"url\":\"https:\/\/vitradoc.com\/ca\/\",\"name\":\"VITRAdoc\",\"description\":\"Gestor Documental\",\"publisher\":{\"@id\":\"https:\/\/vitradoc.com\/ca\/#organization\"},\"potentialAction\":[{\"@type\":\"SearchAction\",\"target\":{\"@type\":\"EntryPoint\",\"urlTemplate\":\"https:\/\/vitradoc.com\/ca\/?s={search_term_string}\"},\"query-input\":{\"@type\":\"PropertyValueSpecification\",\"valueRequired\":true,\"valueName\":\"search_term_string\"}}],\"inLanguage\":\"ca-ES\"},{\"@type\":\"Organization\",\"@id\":\"https:\/\/vitradoc.com\/ca\/#organization\",\"name\":\"VITRADOC\",\"url\":\"https:\/\/vitradoc.com\/ca\/\",\"logo\":{\"@type\":\"ImageObject\",\"inLanguage\":\"ca-ES\",\"@id\":\"https:\/\/vitradoc.com\/ca\/#\/schema\/logo\/image\/\",\"url\":\"https:\/\/vitradoc.com\/wp-content\/uploads\/2023\/09\/vitradoc2023.png\",\"contentUrl\":\"https:\/\/vitradoc.com\/wp-content\/uploads\/2023\/09\/vitradoc2023.png\",\"width\":4016,\"height\":1772,\"caption\":\"VITRADOC\"},\"image\":{\"@id\":\"https:\/\/vitradoc.com\/ca\/#\/schema\/logo\/image\/\"},\"sameAs\":[\"https:\/\/www.facebook.com\/vitradoc\/\",\"https:\/\/x.com\/vitradoc\",\"https:\/\/www.instagram.com\/vitradoc_\/\",\"https:\/\/www.linkedin.com\/showcase\/vitradoc\/\",\"https:\/\/www.youtube.com\/channel\/UCh8P4U3xRNm7xbif9PdEXBw\"]}]}<\/script>\n<!-- \/ Yoast SEO plugin. -->","yoast_head_json":{"title":"Pol\u00edtica de cookies &#8211; VITRAdoc","description":"Pol\u00edtica de cookies de VITRAdoc","robots":{"index":"noindex","follow":"follow"},"og_locale":"ca_ES","og_type":"article","og_title":"Pol\u00edtica de cookies &#8211; VITRAdoc","og_description":"Pol\u00edtica de cookies de VITRAdoc","og_url":"https:\/\/vitradoc.com\/ca\/politica-de-cookies\/","og_site_name":"VITRAdoc","article_publisher":"https:\/\/www.facebook.com\/vitradoc\/","article_modified_time":"2020-02-27T10:09:44+00:00","og_image":[{"width":4016,"height":1772,"url":"https:\/\/vitradoc.com\/wp-content\/uploads\/2023\/09\/vitradoc2023.png","type":"image\/png"}],"twitter_card":"summary_large_image","twitter_site":"@vitradoc","twitter_misc":{"Est. reading time":"2 minutes"},"schema":{"@context":"https:\/\/schema.org","@graph":[{"@type":"WebPage","@id":"https:\/\/vitradoc.com\/ca\/politica-de-cookies\/","url":"https:\/\/vitradoc.com\/ca\/politica-de-cookies\/","name":"Pol\u00edtica de cookies &#8211; VITRAdoc","isPartOf":{"@id":"https:\/\/vitradoc.com\/ca\/#website"},"datePublished":"2018-01-24T10:45:16+00:00","dateModified":"2020-02-27T10:09:44+00:00","description":"Pol\u00edtica de cookies de VITRAdoc","breadcrumb":{"@id":"https:\/\/vitradoc.com\/ca\/politica-de-cookies\/#breadcrumb"},"inLanguage":"ca-ES","potentialAction":[{"@type":"ReadAction","target":["https:\/\/vitradoc.com\/ca\/politica-de-cookies\/"]}]},{"@type":"BreadcrumbList","@id":"https:\/\/vitradoc.com\/ca\/politica-de-cookies\/#breadcrumb","itemListElement":[{"@type":"ListItem","position":1,"name":"Home","item":"https:\/\/vitradoc.com\/ca\/"},{"@type":"ListItem","position":2,"name":"Pol\u00edtica de cookies"}]},{"@type":"WebSite","@id":"https:\/\/vitradoc.com\/ca\/#website","url":"https:\/\/vitradoc.com\/ca\/","name":"VITRAdoc","description":"Gestor Documental","publisher":{"@id":"https:\/\/vitradoc.com\/ca\/#organization"},"potentialAction":[{"@type":"SearchAction","target":{"@type":"EntryPoint","urlTemplate":"https:\/\/vitradoc.com\/ca\/?s={search_term_string}"},"query-input":{"@type":"PropertyValueSpecification","valueRequired":true,"valueName":"search_term_string"}}],"inLanguage":"ca-ES"},{"@type":"Organization","@id":"https:\/\/vitradoc.com\/ca\/#organization","name":"VITRADOC","url":"https:\/\/vitradoc.com\/ca\/","logo":{"@type":"ImageObject","inLanguage":"ca-ES","@id":"https:\/\/vitradoc.com\/ca\/#\/schema\/logo\/image\/","url":"https:\/\/vitradoc.com\/wp-content\/uploads\/2023\/09\/vitradoc2023.png","contentUrl":"https:\/\/vitradoc.com\/wp-content\/uploads\/2023\/09\/vitradoc2023.png","width":4016,"height":1772,"caption":"VITRADOC"},"image":{"@id":"https:\/\/vitradoc.com\/ca\/#\/schema\/logo\/image\/"},"sameAs":["https:\/\/www.facebook.com\/vitradoc\/","https:\/\/x.com\/vitradoc","https:\/\/www.instagram.com\/vitradoc_\/","https:\/\/www.linkedin.com\/showcase\/vitradoc\/","https:\/\/www.youtube.com\/channel\/UCh8P4U3xRNm7xbif9PdEXBw"]}]}},"_links":{"self":[{"href":"https:\/\/vitradoc.com\/ca\/wp-json\/wp\/v2\/pages\/2878","targetHints":{"allow":["GET"]}}],"collection":[{"href":"https:\/\/vitradoc.com\/ca\/wp-json\/wp\/v2\/pages"}],"about":[{"href":"https:\/\/vitradoc.com\/ca\/wp-json\/wp\/v2\/types\/page"}],"author":[{"embeddable":true,"href":"https:\/\/vitradoc.com\/ca\/wp-json\/wp\/v2\/users\/1"}],"replies":[{"embeddable":true,"href":"https:\/\/vitradoc.com\/ca\/wp-json\/wp\/v2\/comments?post=2878"}],"version-history":[{"count":0,"href":"https:\/\/vitradoc.com\/ca\/wp-json\/wp\/v2\/pages\/2878\/revisions"}],"wp:attachment":[{"href":"https:\/\/vitradoc.com\/ca\/wp-json\/wp\/v2\/media?parent=2878"}],"curies":[{"name":"wp","href":"https:\/\/api.w.org\/{rel}","templated":true}]}}